{"id":134,"date":"2025-04-14T21:31:01","date_gmt":"2025-04-14T19:31:01","guid":{"rendered":"https:\/\/www.carla-lastenrad.de\/d\/?page_id=134"},"modified":"2025-07-25T08:55:42","modified_gmt":"2025-07-25T06:55:42","slug":"ausleihe-nach-karte","status":"publish","type":"page","link":"https:\/\/www.karla-lastenrad.de\/d\/ausleihe-nach-karte\/","title":{"rendered":"\u00dcbersichtskarte"},"content":{"rendered":"\n<iframe loading=\"lazy\"\n   src=\"https:\/\/umap.openstreetmap.de\/de\/map\/karla_87389\"\n   width=\"650\" \n   height=\"650\" \n   name=\"KARLA \u00dcbersichtskarte\">\n\n<p>Ihr Browser kann leider keine eingebetteten Frames anzeigen:\nSie k\u00f6nnen die eingebettete Seite \u00fcber den folgenden Verweis aufrufen: \n<a href=\"https:\/\/umap.openstreetmap.de\/de\/map\/karla_87389\">KARLA \u00dcbersichtskarte<\/a>\n<\/p>\n<\/iframe>\n\n\n\n<p>Dunkelgr\u00fcne Standorte kannst du ausw\u00e4hlen, um ein Lastenrad auszuleihen. Alle anderen Standorte sind im Status der Vorbereitung. Um ein Lastenrad auszuleihen musst du dich auf der Plattform registrieren und \u00fcber eine ausgeh\u00e4ndigte ChipKarte verf\u00fcgen. Mehr dazu findest du unter &#8222;<a href=\"https:\/\/www.karla-lastenrad.de\/d\/wie-funktionierts\/\" data-type=\"page\" data-id=\"29\">Wie funktioniert&#8217;s?<\/a>&#8222;.<\/p>\n\n\n\n<p>Die Standorte zeigen Ihre Buchbarkeit erst an, wenn du an der Plattform angemeldet bist. Ohne Anmeldung zeigen alle Standorte den Status &#8222;Dieser Artikel ist derzeit nicht buchbar.&#8220;.<\/p>\n\n\n<div class=\"cb-wrapper cb-shortcode-items template-shortcode-items post-page no-post-thumbnail\"><div class=\"cb-list-header\">\n\t<div class=\"cb-thumbnail\"><img loading=\"lazy\" decoding=\"async\" width=\"100\" height=\"56\" src=\"https:\/\/www.karla-lastenrad.de\/d\/wp-content\/uploads\/2025\/11\/Wesertor_20251028_b-100x56.jpg\" class=\"alignleft cb-image wp-post-image\" alt=\"Standort Wesertor\" \/><\/div>\t<div class=\"cb-list-info\">\n\t\t<h2><a href=\"https:\/\/www.karla-lastenrad.de\/d\/cb_item\/wesertor-rm-transporter-65\/\" class=\"cb-title cb-title-link\">Wesertor R&amp;M Transporter 65<\/a><\/h2>\n\t\t\t\t\t\t\t<div class=\"cb-status cb-availability-status cb-status-not-available cb-notice-small\"><style>a:link {color: blue;} a:active {color: darkblue;} a:hover {color: darkblue;}\r\n<\/style>\r\nDieser Artikel ist derzeit nicht buchbar. F\u00fcr eine Buchung muss du dich registrieren und \u00fcber eine ausgeh\u00e4ndigte ChipKarte verf\u00fcgen. Weitere Informationen findest du unter <a style=\"color: blue\" href=\"https:\/\/www.karla-lastenrad.de\/d\/wie-funktionierts\/\">Wie funktioniert's?<\/a>.<\/div>\n\t\t\t<\/div>\n<\/div><!-- .cb-list-header -->\n\n<\/div><div class=\"cb-wrapper cb-shortcode-items template-shortcode-items post-page no-post-thumbnail\"><div class=\"cb-list-header\">\n\t<div class=\"cb-thumbnail\"><img loading=\"lazy\" decoding=\"async\" width=\"100\" height=\"55\" src=\"https:\/\/www.karla-lastenrad.de\/d\/wp-content\/uploads\/2025\/10\/IMG_20260311_Standort_fuer_Web-1-100x55.jpg\" class=\"alignleft cb-image wp-post-image\" alt=\"\" \/><\/div>\t<div class=\"cb-list-info\">\n\t\t<h2><a href=\"https:\/\/www.karla-lastenrad.de\/d\/cb_item\/nordshausen\/\" class=\"cb-title cb-title-link\">Nordshausen<\/a><\/h2>\n\t\t\t\t\t\t\t<div class=\"cb-status cb-availability-status cb-status-not-available cb-notice-small\"><style>a:link {color: blue;} a:active {color: darkblue;} a:hover {color: darkblue;}\r\n<\/style>\r\nDieser Artikel ist derzeit nicht buchbar. F\u00fcr eine Buchung muss du dich registrieren und \u00fcber eine ausgeh\u00e4ndigte ChipKarte verf\u00fcgen. Weitere Informationen findest du unter <a style=\"color: blue\" href=\"https:\/\/www.karla-lastenrad.de\/d\/wie-funktionierts\/\">Wie funktioniert's?<\/a>.<\/div>\n\t\t\t<\/div>\n<\/div><!-- .cb-list-header -->\n\n<\/div><div class=\"cb-wrapper cb-shortcode-items template-shortcode-items post-page no-post-thumbnail\"><div class=\"cb-list-header\">\n\t<div class=\"cb-thumbnail\"><img loading=\"lazy\" decoding=\"async\" width=\"100\" height=\"56\" src=\"https:\/\/www.karla-lastenrad.de\/d\/wp-content\/uploads\/2025\/10\/IMG_20260411_201809_web-100x56.jpg\" class=\"alignleft cb-image wp-post-image\" alt=\"Standort Forstfeld\" \/><\/div>\t<div class=\"cb-list-info\">\n\t\t<h2><a href=\"https:\/\/www.karla-lastenrad.de\/d\/cb_item\/forstfeld\/\" class=\"cb-title cb-title-link\">Forstfeld<\/a><\/h2>\n\t\t\t\t\t\t\t<div class=\"cb-status cb-availability-status cb-status-not-available cb-notice-small\"><style>a:link {color: blue;} a:active {color: darkblue;} a:hover {color: darkblue;}\r\n<\/style>\r\nDieser Artikel ist derzeit nicht buchbar. F\u00fcr eine Buchung muss du dich registrieren und \u00fcber eine ausgeh\u00e4ndigte ChipKarte verf\u00fcgen. Weitere Informationen findest du unter <a style=\"color: blue\" href=\"https:\/\/www.karla-lastenrad.de\/d\/wie-funktionierts\/\">Wie funktioniert's?<\/a>.<\/div>\n\t\t\t<\/div>\n<\/div><!-- .cb-list-header -->\n\n<\/div><div class=\"cb-wrapper cb-shortcode-items template-shortcode-items post-page no-post-thumbnail\"><div class=\"cb-list-header\">\n\t<div class=\"cb-thumbnail\"><img loading=\"lazy\" decoding=\"async\" width=\"100\" height=\"56\" src=\"https:\/\/www.karla-lastenrad.de\/d\/wp-content\/uploads\/2025\/10\/Bettenhausen_2025-08-21_aa-web-100x56.jpg\" class=\"alignleft cb-image wp-post-image\" alt=\"Standort Bettenhausen Mauer&#039;s Baikshop\" \/><\/div>\t<div class=\"cb-list-info\">\n\t\t<h2><a href=\"https:\/\/www.karla-lastenrad.de\/d\/cb_item\/bettenhausen\/\" class=\"cb-title cb-title-link\">Bettenhausen<\/a><\/h2>\n\t\t\t\t\t\t\t<div class=\"cb-status cb-availability-status cb-status-not-available cb-notice-small\"><style>a:link {color: blue;} a:active {color: darkblue;} a:hover {color: darkblue;}\r\n<\/style>\r\nDieser Artikel ist derzeit nicht buchbar. F\u00fcr eine Buchung muss du dich registrieren und \u00fcber eine ausgeh\u00e4ndigte ChipKarte verf\u00fcgen. Weitere Informationen findest du unter <a style=\"color: blue\" href=\"https:\/\/www.karla-lastenrad.de\/d\/wie-funktionierts\/\">Wie funktioniert's?<\/a>.<\/div>\n\t\t\t<\/div>\n<\/div><!-- .cb-list-header -->\n\n<\/div><div class=\"cb-wrapper cb-shortcode-items template-shortcode-items post-page no-post-thumbnail\"><div class=\"cb-list-header\">\n\t<div class=\"cb-thumbnail\"><img loading=\"lazy\" decoding=\"async\" width=\"100\" height=\"56\" src=\"https:\/\/www.karla-lastenrad.de\/d\/wp-content\/uploads\/2025\/12\/IMG_20251219_b_web-mittel_Standort-100x56.jpg\" class=\"alignleft cb-image wp-post-image\" alt=\"Standort Wolfsanger-Hasenhecke\" \/><\/div>\t<div class=\"cb-list-info\">\n\t\t<h2><a href=\"https:\/\/www.karla-lastenrad.de\/d\/cb_item\/wolfsanger-hasenhecke\/\" class=\"cb-title cb-title-link\">Wolfsanger-Hasenhecke<\/a><\/h2>\n\t\t\t\t\t\t\t<div class=\"cb-status cb-availability-status cb-status-not-available cb-notice-small\"><style>a:link {color: blue;} a:active {color: darkblue;} a:hover {color: darkblue;}\r\n<\/style>\r\nDieser Artikel ist derzeit nicht buchbar. F\u00fcr eine Buchung muss du dich registrieren und \u00fcber eine ausgeh\u00e4ndigte ChipKarte verf\u00fcgen. Weitere Informationen findest du unter <a style=\"color: blue\" href=\"https:\/\/www.karla-lastenrad.de\/d\/wie-funktionierts\/\">Wie funktioniert's?<\/a>.<\/div>\n\t\t\t<\/div>\n<\/div><!-- .cb-list-header -->\n\n<\/div><div class=\"cb-wrapper cb-shortcode-items template-shortcode-items post-page no-post-thumbnail\"><div class=\"cb-list-header\">\n\t\t<div class=\"cb-list-info\">\n\t\t<h2><a href=\"https:\/\/www.karla-lastenrad.de\/d\/cb_item\/philippinenhof-warteberg\/\" class=\"cb-title cb-title-link\">Philippinenhof-Warteberg<\/a><\/h2>\n\t\t\t\t\t\t\t<div class=\"cb-status cb-availability-status cb-status-not-available cb-notice-small\"><style>a:link {color: blue;} a:active {color: darkblue;} a:hover {color: darkblue;}\r\n<\/style>\r\nDieser Artikel ist derzeit nicht buchbar. F\u00fcr eine Buchung muss du dich registrieren und \u00fcber eine ausgeh\u00e4ndigte ChipKarte verf\u00fcgen. Weitere Informationen findest du unter <a style=\"color: blue\" href=\"https:\/\/www.karla-lastenrad.de\/d\/wie-funktionierts\/\">Wie funktioniert's?<\/a>.<\/div>\n\t\t\t<\/div>\n<\/div><!-- .cb-list-header -->\n\n<\/div><div class=\"cb-wrapper cb-shortcode-items template-shortcode-items post-page no-post-thumbnail\"><div class=\"cb-list-header\">\n\t<div class=\"cb-thumbnail\"><img loading=\"lazy\" decoding=\"async\" width=\"100\" height=\"56\" src=\"https:\/\/www.karla-lastenrad.de\/d\/wp-content\/uploads\/2026\/01\/UNI_IMG_20251208_a_web-100x56.jpg\" class=\"alignleft cb-image wp-post-image\" alt=\"Standord Nord-Holland an der Uni\" \/><\/div>\t<div class=\"cb-list-info\">\n\t\t<h2><a href=\"https:\/\/www.karla-lastenrad.de\/d\/cb_item\/nord-holland\/\" class=\"cb-title cb-title-link\">Nord-Holland R&amp;M Transporter 65<\/a><\/h2>\n\t\t\t\t\t\t\t<div class=\"cb-status cb-availability-status cb-status-not-available cb-notice-small\"><style>a:link {color: blue;} a:active {color: darkblue;} a:hover {color: darkblue;}\r\n<\/style>\r\nDieser Artikel ist derzeit nicht buchbar. F\u00fcr eine Buchung muss du dich registrieren und \u00fcber eine ausgeh\u00e4ndigte ChipKarte verf\u00fcgen. Weitere Informationen findest du unter <a style=\"color: blue\" href=\"https:\/\/www.karla-lastenrad.de\/d\/wie-funktionierts\/\">Wie funktioniert's?<\/a>.<\/div>\n\t\t\t<\/div>\n<\/div><!-- .cb-list-header -->\n\n<\/div><div class=\"cb-wrapper cb-shortcode-items template-shortcode-items post-page no-post-thumbnail\"><div class=\"cb-list-header\">\n\t<div class=\"cb-thumbnail\"><img loading=\"lazy\" decoding=\"async\" width=\"100\" height=\"56\" src=\"https:\/\/www.karla-lastenrad.de\/d\/wp-content\/uploads\/2025\/10\/Rothenditmold_20251025_a-web-100x56.jpg\" class=\"alignleft cb-image wp-post-image\" alt=\"Standort Rothenditmold\" \/><\/div>\t<div class=\"cb-list-info\">\n\t\t<h2><a href=\"https:\/\/www.karla-lastenrad.de\/d\/cb_item\/rothenditmold\/\" class=\"cb-title cb-title-link\">Rothenditmold<\/a><\/h2>\n\t\t\t\t\t\t\t<div class=\"cb-status cb-availability-status cb-status-not-available cb-notice-small\"><style>a:link {color: blue;} a:active {color: darkblue;} a:hover {color: darkblue;}\r\n<\/style>\r\nDieser Artikel ist derzeit nicht buchbar. F\u00fcr eine Buchung muss du dich registrieren und \u00fcber eine ausgeh\u00e4ndigte ChipKarte verf\u00fcgen. Weitere Informationen findest du unter <a style=\"color: blue\" href=\"https:\/\/www.karla-lastenrad.de\/d\/wie-funktionierts\/\">Wie funktioniert's?<\/a>.<\/div>\n\t\t\t<\/div>\n<\/div><!-- .cb-list-header -->\n\n<\/div><div class=\"cb-wrapper cb-shortcode-items template-shortcode-items post-page no-post-thumbnail\"><div class=\"cb-list-header\">\n\t<div class=\"cb-thumbnail\"><img loading=\"lazy\" decoding=\"async\" width=\"100\" height=\"56\" src=\"https:\/\/www.karla-lastenrad.de\/d\/wp-content\/uploads\/2026\/04\/Fahrradbox_Harleshausen_02-100x56.jpeg\" class=\"alignleft cb-image wp-post-image\" alt=\"Fahrradbox Standort Harleshausen\" \/><\/div>\t<div class=\"cb-list-info\">\n\t\t<h2><a href=\"https:\/\/www.karla-lastenrad.de\/d\/cb_item\/harleshausen\/\" class=\"cb-title cb-title-link\">Harleshausen<\/a><\/h2>\n\t\t\t\t\t\t\t<div class=\"cb-status cb-availability-status cb-status-not-available cb-notice-small\"><style>a:link {color: blue;} a:active {color: darkblue;} a:hover {color: darkblue;}\r\n<\/style>\r\nDieser Artikel ist derzeit nicht buchbar. F\u00fcr eine Buchung muss du dich registrieren und \u00fcber eine ausgeh\u00e4ndigte ChipKarte verf\u00fcgen. Weitere Informationen findest du unter <a style=\"color: blue\" href=\"https:\/\/www.karla-lastenrad.de\/d\/wie-funktionierts\/\">Wie funktioniert's?<\/a>.<\/div>\n\t\t\t<\/div>\n<\/div><!-- .cb-list-header -->\n\n<\/div><div class=\"cb-wrapper cb-shortcode-items template-shortcode-items post-page no-post-thumbnail\"><div class=\"cb-list-header\">\n\t<div class=\"cb-thumbnail\"><img loading=\"lazy\" decoding=\"async\" width=\"100\" height=\"75\" src=\"https:\/\/www.karla-lastenrad.de\/d\/wp-content\/uploads\/2026\/02\/Lastenrad_Brasselsberg_4-100x75.jpeg\" class=\"alignleft cb-image wp-post-image\" alt=\"KARLA-Lastenrad Standort Brasselsberg\" \/><\/div>\t<div class=\"cb-list-info\">\n\t\t<h2><a href=\"https:\/\/www.karla-lastenrad.de\/d\/cb_item\/brasselsberg\/\" class=\"cb-title cb-title-link\">Brasselsberg<\/a><\/h2>\n\t\t\t\t\t\t\t<div class=\"cb-status cb-availability-status cb-status-not-available cb-notice-small\"><style>a:link {color: blue;} a:active {color: darkblue;} a:hover {color: darkblue;}\r\n<\/style>\r\nDieser Artikel ist derzeit nicht buchbar. F\u00fcr eine Buchung muss du dich registrieren und \u00fcber eine ausgeh\u00e4ndigte ChipKarte verf\u00fcgen. Weitere Informationen findest du unter <a style=\"color: blue\" href=\"https:\/\/www.karla-lastenrad.de\/d\/wie-funktionierts\/\">Wie funktioniert's?<\/a>.<\/div>\n\t\t\t<\/div>\n<\/div><!-- .cb-list-header -->\n\n<\/div><div class=\"cb-wrapper cb-shortcode-items template-shortcode-items post-page no-post-thumbnail\"><div class=\"cb-list-header\">\n\t<div class=\"cb-thumbnail\"><img loading=\"lazy\" decoding=\"async\" width=\"100\" height=\"56\" src=\"https:\/\/www.karla-lastenrad.de\/d\/wp-content\/uploads\/2025\/10\/Wehlheiden_20251025_c-web-100x56.jpg\" class=\"alignleft cb-image wp-post-image\" alt=\"Standort Wehlheiden cube Cargo\" \/><\/div>\t<div class=\"cb-list-info\">\n\t\t<h2><a href=\"https:\/\/www.karla-lastenrad.de\/d\/cb_item\/welheiden\/\" class=\"cb-title cb-title-link\">Wehlheiden Cube cargo<\/a><\/h2>\n\t\t\t\t\t\t\t<div class=\"cb-status cb-availability-status cb-status-not-available cb-notice-small\"><style>a:link {color: blue;} a:active {color: darkblue;} a:hover {color: darkblue;}\r\n<\/style>\r\nDieser Artikel ist derzeit nicht buchbar. F\u00fcr eine Buchung muss du dich registrieren und \u00fcber eine ausgeh\u00e4ndigte ChipKarte verf\u00fcgen. Weitere Informationen findest du unter <a style=\"color: blue\" href=\"https:\/\/www.karla-lastenrad.de\/d\/wie-funktionierts\/\">Wie funktioniert's?<\/a>.<\/div>\n\t\t\t<\/div>\n<\/div><!-- .cb-list-header -->\n\n<\/div><div class=\"cb-wrapper cb-shortcode-items template-shortcode-items post-page no-post-thumbnail\"><div class=\"cb-list-header\">\n\t<div class=\"cb-thumbnail\"><img loading=\"lazy\" decoding=\"async\" width=\"100\" height=\"100\" src=\"https:\/\/www.karla-lastenrad.de\/d\/wp-content\/uploads\/2025\/09\/signal-2025-09-16-200634_002-100x100.jpeg\" class=\"alignleft cb-image wp-post-image\" alt=\"Fahrradanh\u00e4nger\" \/><\/div>\t<div class=\"cb-list-info\">\n\t\t<h2><a href=\"https:\/\/www.karla-lastenrad.de\/d\/cb_item\/wahlershausen-haenger\/\" class=\"cb-title cb-title-link\">Wahlershausen H\u00e4nger<\/a><\/h2>\n\t\t\t\t\t\t\t<div class=\"cb-status cb-availability-status cb-status-not-available cb-notice-small\"><style>a:link {color: blue;} a:active {color: darkblue;} a:hover {color: darkblue;}\r\n<\/style>\r\nDieser Artikel ist derzeit nicht buchbar. F\u00fcr eine Buchung muss du dich registrieren und \u00fcber eine ausgeh\u00e4ndigte ChipKarte verf\u00fcgen. Weitere Informationen findest du unter <a style=\"color: blue\" href=\"https:\/\/www.karla-lastenrad.de\/d\/wie-funktionierts\/\">Wie funktioniert's?<\/a>.<\/div>\n\t\t\t<\/div>\n<\/div><!-- .cb-list-header -->\n\n<\/div><div class=\"cb-wrapper cb-shortcode-items template-shortcode-items post-page no-post-thumbnail\"><div class=\"cb-list-header\">\n\t<div class=\"cb-thumbnail\"><img loading=\"lazy\" decoding=\"async\" width=\"100\" height=\"56\" src=\"https:\/\/www.karla-lastenrad.de\/d\/wp-content\/uploads\/2025\/04\/Wahlershausen_4_kl-100x56.jpg\" class=\"alignleft cb-image wp-post-image\" alt=\"Standort Wilhelmsh\u00f6he - Wahlershausen\" \/><\/div>\t<div class=\"cb-list-info\">\n\t\t<h2><a href=\"https:\/\/www.karla-lastenrad.de\/d\/cb_item\/packster2-nr-1\/\" class=\"cb-title cb-title-link\">Wilhelmsh\u00f6he R&amp;M Packster<\/a><\/h2>\n\t\t\t\t\t\t\t<div class=\"cb-status cb-availability-status cb-status-not-available cb-notice-small\"><style>a:link {color: blue;} a:active {color: darkblue;} a:hover {color: darkblue;}\r\n<\/style>\r\nDieser Artikel ist derzeit nicht buchbar. F\u00fcr eine Buchung muss du dich registrieren und \u00fcber eine ausgeh\u00e4ndigte ChipKarte verf\u00fcgen. Weitere Informationen findest du unter <a style=\"color: blue\" href=\"https:\/\/www.karla-lastenrad.de\/d\/wie-funktionierts\/\">Wie funktioniert's?<\/a>.<\/div>\n\t\t\t<\/div>\n<\/div><!-- .cb-list-header -->\n\n<\/div><div class=\"cb-wrapper cb-shortcode-items template-shortcode-items post-page no-post-thumbnail\"><div class=\"cb-list-header\">\n\t<div class=\"cb-thumbnail\"><img loading=\"lazy\" decoding=\"async\" width=\"100\" height=\"56\" src=\"https:\/\/www.karla-lastenrad.de\/d\/wp-content\/uploads\/2025\/04\/Unterneustadt_1_kl-100x56.jpg\" class=\"alignleft cb-image wp-post-image\" alt=\"Standort Unterneustadt\" \/><\/div>\t<div class=\"cb-list-info\">\n\t\t<h2><a href=\"https:\/\/www.karla-lastenrad.de\/d\/cb_item\/packster2-nr-2\/\" class=\"cb-title cb-title-link\">Unterneustadt \"Ulla\" R&amp;M Packster<\/a><\/h2>\n\t\t\t\t\t\t\t<div class=\"cb-status cb-availability-status cb-status-not-available cb-notice-small\"><style>a:link {color: blue;} a:active {color: darkblue;} a:hover {color: darkblue;}\r\n<\/style>\r\nDieser Artikel ist derzeit nicht buchbar. F\u00fcr eine Buchung muss du dich registrieren und \u00fcber eine ausgeh\u00e4ndigte ChipKarte verf\u00fcgen. Weitere Informationen findest du unter <a style=\"color: blue\" href=\"https:\/\/www.karla-lastenrad.de\/d\/wie-funktionierts\/\">Wie funktioniert's?<\/a>.<\/div>\n\t\t\t<\/div>\n<\/div><!-- .cb-list-header -->\n\n<\/div><div class=\"cb-wrapper cb-shortcode-items template-shortcode-items post-page no-post-thumbnail\"><div class=\"cb-list-header\">\n\t<div class=\"cb-thumbnail\"><img loading=\"lazy\" decoding=\"async\" width=\"100\" height=\"56\" src=\"https:\/\/www.karla-lastenrad.de\/d\/wp-content\/uploads\/2025\/04\/Jungfernkopf_3_kl-100x56.jpg\" class=\"alignleft cb-image wp-post-image\" alt=\"Standort Jungfernkopf\" \/><\/div>\t<div class=\"cb-list-info\">\n\t\t<h2><a href=\"https:\/\/www.karla-lastenrad.de\/d\/cb_item\/packster2-nr-3\/\" class=\"cb-title cb-title-link\">Jungfernkopf R&amp;M Packster<\/a><\/h2>\n\t\t\t\t\t\t\t<div class=\"cb-status cb-availability-status cb-status-not-available cb-notice-small\"><style>a:link {color: blue;} a:active {color: darkblue;} a:hover {color: darkblue;}\r\n<\/style>\r\nDieser Artikel ist derzeit nicht buchbar. F\u00fcr eine Buchung muss du dich registrieren und \u00fcber eine ausgeh\u00e4ndigte ChipKarte verf\u00fcgen. Weitere Informationen findest du unter <a style=\"color: blue\" href=\"https:\/\/www.karla-lastenrad.de\/d\/wie-funktionierts\/\">Wie funktioniert's?<\/a>.<\/div>\n\t\t\t<\/div>\n<\/div><!-- .cb-list-header -->\n\n<\/div><div class=\"cb-wrapper cb-shortcode-items template-shortcode-items post-page no-post-thumbnail\"><div class=\"cb-list-header\">\n\t<div class=\"cb-thumbnail\"><img loading=\"lazy\" decoding=\"async\" width=\"100\" height=\"75\" src=\"https:\/\/www.karla-lastenrad.de\/d\/wp-content\/uploads\/2025\/05\/RIMG4821_Orangerie-edited-100x75.jpg\" class=\"alignleft cb-image wp-post-image\" alt=\"KARLA 007 vor Orangerie\" \/><\/div>\t<div class=\"cb-list-info\">\n\t\t<h2><a href=\"https:\/\/www.karla-lastenrad.de\/d\/cb_item\/karla-007-maderna-e-truck\/\" class=\"cb-title cb-title-link\">Tannenw\u00e4ldchen KARLA-007<\/a><\/h2>\n\t\t\t\t\t<\/div>\n<\/div><!-- .cb-list-header -->\n\n<div class=\"cb-wrapper cb-timeframe-withlocation template-timeframe-withlocation post-page no-post-thumbnail\">\n\n\n\n<div class=\"cb-list-info\">\n\t<h4 class=\"cb-title cb-location-title\">\n\t\t<a href=\" https:\/\/www.karla-lastenrad.de\/d\/cb_location\/villa-locomuna\/ \">\n\t\t\tVilla Locomuna\t\t<\/a>\n\t<\/h4>\n\t<div class=\"cb-dates cb-timeframe-dates\">\n\t\tHier verf\u00fcgbar dauerhaft<br>\t<\/div>\n<\/div>\n<div class=\"cb-action\">\n\t<a href=\"https:\/\/www.karla-lastenrad.de\/d\/cb_item\/karla-007-maderna-e-truck\/?cb-location=58\" class=\"cb-button\">Artikel buchen<\/a>\n<\/div>\n<\/div><\/div><div class=\"cb-wrapper cb-shortcode-items template-shortcode-items post-page no-post-thumbnail\"><div class=\"cb-list-header\">\n\t<div class=\"cb-thumbnail\"><img loading=\"lazy\" decoding=\"async\" width=\"100\" height=\"75\" src=\"https:\/\/www.karla-lastenrad.de\/d\/wp-content\/uploads\/2025\/08\/Uebergabe-1889_VoWe_output_orange_kl-100x75.jpg\" class=\"alignleft cb-image wp-post-image\" alt=\"\" \/><\/div>\t<div class=\"cb-list-info\">\n\t\t<h2><a href=\"https:\/\/www.karla-lastenrad.de\/d\/cb_item\/vorderer-westen-rm-transporter65\/\" class=\"cb-title cb-title-link\">Vorderer Westen R&amp;M Transporter65<\/a><\/h2>\n\t\t\t\t\t\t\t<div class=\"cb-status cb-availability-status cb-status-not-available cb-notice-small\"><style>a:link {color: blue;} a:active {color: darkblue;} a:hover {color: darkblue;}\r\n<\/style>\r\nDieser Artikel ist derzeit nicht buchbar. F\u00fcr eine Buchung muss du dich registrieren und \u00fcber eine ausgeh\u00e4ndigte ChipKarte verf\u00fcgen. Weitere Informationen findest du unter <a style=\"color: blue\" href=\"https:\/\/www.karla-lastenrad.de\/d\/wie-funktionierts\/\">Wie funktioniert's?<\/a>.<\/div>\n\t\t\t<\/div>\n<\/div><!-- .cb-list-header -->\n\n<\/div><div class=\"cb-wrapper cb-shortcode-items template-shortcode-items post-page no-post-thumbnail\"><div class=\"cb-list-header\">\n\t<div class=\"cb-thumbnail\"><img loading=\"lazy\" decoding=\"async\" width=\"100\" height=\"56\" src=\"https:\/\/www.karla-lastenrad.de\/d\/wp-content\/uploads\/2025\/08\/IMG_20250806_Box_Suedstadt_nah_klein-100x56.jpg\" class=\"alignleft cb-image wp-post-image\" alt=\"\" \/><\/div>\t<div class=\"cb-list-info\">\n\t\t<h2><a href=\"https:\/\/www.karla-lastenrad.de\/d\/cb_item\/suedstadt-rm-transporter65\/\" class=\"cb-title cb-title-link\">S\u00fcdstadt R&amp;M Transporter65<\/a><\/h2>\n\t\t\t\t\t\t\t<div class=\"cb-status cb-availability-status cb-status-not-available cb-notice-small\"><style>a:link {color: blue;} a:active {color: darkblue;} a:hover {color: darkblue;}\r\n<\/style>\r\nDieser Artikel ist derzeit nicht buchbar. F\u00fcr eine Buchung muss du dich registrieren und \u00fcber eine ausgeh\u00e4ndigte ChipKarte verf\u00fcgen. Weitere Informationen findest du unter <a style=\"color: blue\" href=\"https:\/\/www.karla-lastenrad.de\/d\/wie-funktionierts\/\">Wie funktioniert's?<\/a>.<\/div>\n\t\t\t<\/div>\n<\/div><!-- .cb-list-header -->\n\n<\/div><div class=\"cb-wrapper cb-shortcode-items template-shortcode-items post-page no-post-thumbnail\"><div class=\"cb-list-header\">\n\t<div class=\"cb-thumbnail\"><img loading=\"lazy\" decoding=\"async\" width=\"100\" height=\"56\" src=\"https:\/\/www.karla-lastenrad.de\/d\/wp-content\/uploads\/2026\/04\/Kirchditmold_2_kl-100x56.jpg\" class=\"alignleft cb-image wp-post-image\" alt=\"Kirchditmold Riese &amp; M\u00fcller Transporter 65\" \/><\/div>\t<div class=\"cb-list-info\">\n\t\t<h2><a href=\"https:\/\/www.karla-lastenrad.de\/d\/cb_item\/kirchditmold-rm-transporter65\/\" class=\"cb-title cb-title-link\">Kirchditmold R&amp;M Transporter65<\/a><\/h2>\n\t\t\t\t\t\t\t<div class=\"cb-status cb-availability-status cb-status-not-available cb-notice-small\"><style>a:link {color: blue;} a:active {color: darkblue;} a:hover {color: darkblue;}\r\n<\/style>\r\nDieser Artikel ist derzeit nicht buchbar. F\u00fcr eine Buchung muss du dich registrieren und \u00fcber eine ausgeh\u00e4ndigte ChipKarte verf\u00fcgen. Weitere Informationen findest du unter <a style=\"color: blue\" href=\"https:\/\/www.karla-lastenrad.de\/d\/wie-funktionierts\/\">Wie funktioniert's?<\/a>.<\/div>\n\t\t\t<\/div>\n<\/div><!-- .cb-list-header -->\n\n<\/div><div class=\"cb-wrapper cb-shortcode-items template-shortcode-items post-page no-post-thumbnail\"><div class=\"cb-list-header\">\n\t<div class=\"cb-thumbnail\"><img loading=\"lazy\" decoding=\"async\" width=\"100\" height=\"56\" src=\"https:\/\/www.karla-lastenrad.de\/d\/wp-content\/uploads\/2026\/03\/RM-Load-60_08-100x56.jpg\" class=\"alignleft cb-image wp-post-image\" alt=\"R&amp;M Load 60 + Box\" \/><\/div>\t<div class=\"cb-list-info\">\n\t\t<h2><a href=\"https:\/\/www.karla-lastenrad.de\/d\/cb_item\/mitte-rm-transporter65\/\" class=\"cb-title cb-title-link\">Mitte R&amp;M Load 60<\/a><\/h2>\n\t\t\t\t\t\t\t<div class=\"cb-status cb-availability-status cb-status-not-available cb-notice-small\"><style>a:link {color: blue;} a:active {color: darkblue;} a:hover {color: darkblue;}\r\n<\/style>\r\nDieser Artikel ist derzeit nicht buchbar. F\u00fcr eine Buchung muss du dich registrieren und \u00fcber eine ausgeh\u00e4ndigte ChipKarte verf\u00fcgen. Weitere Informationen findest du unter <a style=\"color: blue\" href=\"https:\/\/www.karla-lastenrad.de\/d\/wie-funktionierts\/\">Wie funktioniert's?<\/a>.<\/div>\n\t\t\t<\/div>\n<\/div><!-- .cb-list-header -->\n\n<\/div>\n","protected":false},"excerpt":{"rendered":"<p>Ihr Browser kann leider keine eingebetteten Frames anzeigen: Sie k\u00f6nnen die eingebettete Seite \u00fcber den folgenden Verweis aufrufen: KARLA \u00dcbersichtskarte Dunkelgr\u00fcne Standorte kannst du ausw\u00e4hlen, um ein Lastenrad auszuleihen. Alle anderen Standorte sind im Status der Vorbereitung. Um ein Lastenrad auszuleihen musst du dich auf der Plattform registrieren und \u00fcber eine ausgeh\u00e4ndigte ChipKarte verf\u00fcgen. Mehr [&hellip;]<\/p>\n","protected":false},"author":5,"featured_media":0,"parent":0,"menu_order":0,"comment_status":"closed","ping_status":"closed","template":"","meta":{"footnotes":""},"class_list":["post-134","page","type-page","status-publish","hentry"],"_links":{"self":[{"href":"https:\/\/www.karla-lastenrad.de\/d\/wp-json\/wp\/v2\/pages\/134","targetHints":{"allow":["GET"]}}],"collection":[{"href":"https:\/\/www.karla-lastenrad.de\/d\/wp-json\/wp\/v2\/pages"}],"about":[{"href":"https:\/\/www.karla-lastenrad.de\/d\/wp-json\/wp\/v2\/types\/page"}],"author":[{"embeddable":true,"href":"https:\/\/www.karla-lastenrad.de\/d\/wp-json\/wp\/v2\/users\/5"}],"replies":[{"embeddable":true,"href":"https:\/\/www.karla-lastenrad.de\/d\/wp-json\/wp\/v2\/comments?post=134"}],"version-history":[{"count":78,"href":"https:\/\/www.karla-lastenrad.de\/d\/wp-json\/wp\/v2\/pages\/134\/revisions"}],"predecessor-version":[{"id":1457,"href":"https:\/\/www.karla-lastenrad.de\/d\/wp-json\/wp\/v2\/pages\/134\/revisions\/1457"}],"wp:attachment":[{"href":"https:\/\/www.karla-lastenrad.de\/d\/wp-json\/wp\/v2\/media?parent=134"}],"curies":[{"name":"wp","href":"https:\/\/api.w.org\/{rel}","templated":true}]}}