{"id":26,"date":"2025-03-28T11:21:05","date_gmt":"2025-03-28T10:21:05","guid":{"rendered":"https:\/\/www.carla-lastenrad.de\/d\/?page_id=26"},"modified":"2025-09-13T14:55:15","modified_gmt":"2025-09-13T12:55:15","slug":"die-idee","status":"publish","type":"page","link":"https:\/\/www.karla-lastenrad.de\/d\/die-idee\/","title":{"rendered":"Die Idee"},"content":{"rendered":"\n<p><strong>KARLA &#8211; KAsseleR LAstenrad<\/strong> ist Teil der Bewegung der <strong><a href=\"http:\/\/freies-lastenrad.org\" target=\"_blank\" rel=\"noreferrer noopener\">freien Lastenr\u00e4der<\/a><\/strong> und &#8230;<\/p>\n\n\n\n<ul class=\"wp-block-list\">\n<li>erm\u00f6glicht die <strong>mietfreie Ausleihe<\/strong> von Lastenr\u00e4dern f\u00fcr alle, also ohne feste Miete pro Stunde.<\/li>\n\n\n\n<li>steht f\u00fcr die Idee der <strong>Gemeing\u00fcter<\/strong>: gemeinsame Nutzung statt individueller Konsum.<\/li>\n\n\n\n<li>pl\u00e4diert f\u00fcr ein <strong>Umdenken in der urbanen Mobilit\u00e4t<\/strong> und steht f\u00fcr Ressourcenschonung und Verkehrsberuhigung.<\/li>\n\n\n\n<li>f\u00f6rdert \u00fcber das Stationskonzept <strong>nachbarschaftliches Miteinander<\/strong>: die Entleihe und R\u00fcckgabe erfolgt nicht anonym, sondern wechselt zwischen Caf\u00e9s, Privatpersonen und sozialen Einrichtungen.<\/li>\n\n\n\n<li>ist zum <strong>Ausprobieren<\/strong> da und <strong>Multiplikator<\/strong> f\u00fcr die Nutzung von Lastenfahrr\u00e4dern in St\u00e4dten.<\/li>\n<\/ul>\n\n\n\n<p>Freie Lastenr\u00e4der gibt es heute \u00fcber vielen St\u00e4dten im deutschsprachigen Raum und Europa. Ziel der Initiativen ist es mit kostenfrei ausleihbaren, lokal verwurzelten, gemeinschaftlich geteilten und f\u00fcr alle zug\u00e4nglichen Lastenr\u00e4der eine klimafreundliche und zukunftsf\u00e4hige Nahmobilit\u00e4t in Quartieren erfahrbar zu machen und Menschen f\u00fcr Lastenr\u00e4der im Alltagsgebrauch zu begeistern sowie eine neue alternative Mobilit\u00e4tskultur zu f\u00f6rdern.<\/p>\n\n\n\n<p><strong>KARLA \u2013 KAsseleR LAstenrad<\/strong> ist ein Projekt der <a href=\"https:\/\/www.materialverteilung.org\/\" target=\"_blank\" rel=\"noreferrer noopener\">Materialverteilung Kassel e.V.<\/a><\/p>\n\n\n\n<figure class=\"wp-block-image size-large\"><img loading=\"lazy\" decoding=\"async\" width=\"1024\" height=\"576\" src=\"http:\/\/www.carla-lastenrad.de\/d\/wp-content\/uploads\/2025\/04\/KARLA_Team_kl-1024x576.jpg\" alt=\"Team KARLA-Lastenrad\" class=\"wp-image-304\" srcset=\"https:\/\/www.karla-lastenrad.de\/d\/wp-content\/uploads\/2025\/04\/KARLA_Team_kl-1024x576.jpg 1024w, https:\/\/www.karla-lastenrad.de\/d\/wp-content\/uploads\/2025\/04\/KARLA_Team_kl-300x169.jpg 300w, https:\/\/www.karla-lastenrad.de\/d\/wp-content\/uploads\/2025\/04\/KARLA_Team_kl-768x432.jpg 768w, https:\/\/www.karla-lastenrad.de\/d\/wp-content\/uploads\/2025\/04\/KARLA_Team_kl-1536x864.jpg 1536w, https:\/\/www.karla-lastenrad.de\/d\/wp-content\/uploads\/2025\/04\/KARLA_Team_kl-60x34.jpg 60w, https:\/\/www.karla-lastenrad.de\/d\/wp-content\/uploads\/2025\/04\/KARLA_Team_kl-100x56.jpg 100w, https:\/\/www.karla-lastenrad.de\/d\/wp-content\/uploads\/2025\/04\/KARLA_Team_kl-160x90.jpg 160w, https:\/\/www.karla-lastenrad.de\/d\/wp-content\/uploads\/2025\/04\/KARLA_Team_kl-711x400.jpg 711w, https:\/\/www.karla-lastenrad.de\/d\/wp-content\/uploads\/2025\/04\/KARLA_Team_kl-210x118.jpg 210w, https:\/\/www.karla-lastenrad.de\/d\/wp-content\/uploads\/2025\/04\/KARLA_Team_kl.jpg 2000w\" sizes=\"auto, (max-width: 1024px) 100vw, 1024px\" \/><figcaption class=\"wp-element-caption\">Projektteam KARLA mit den ersten 3 R\u00e4dern.<\/figcaption><\/figure>\n\n\n\n<p>Einmal im Jahr treffen sich freie Lastenrad Initiativen beim <a href=\"https:\/\/freies-lastenrad.org\" target=\"_blank\" rel=\"noreferrer noopener\"><strong>Forum Freie Lastenr\u00e4der<\/strong><\/a>. Weitere detailierte Informationen zum Konzept der freien Lastenr\u00e4der und eine \u00dcbersicht aller Initiativen im deutschsprachigen Raum gibt es auf <a href=\"http:\/\/freies-lastenrad.org\" target=\"_blank\" rel=\"noreferrer noopener\">freies-lastenrad.org<\/a>.<\/p>\n\n\n\n<p>Folgende <strong>Auszeichnungen<\/strong> erhielt das Forum Freie Lastenr\u00e4der: <strong><a href=\"https:\/\/www.der-deutsche-fahrradpreis.de\/preistraeger-2019\/#service\/\" target=\"_blank\" rel=\"noreferrer noopener\">Deutscher Fahrradpreis<\/a> (2019) <a href=\"https:\/\/land-der-ideen.de\/projekt\/freie-lastenraeder-3892\" target=\"_blank\" rel=\"noreferrer noopener\">Deutscher Mobilit\u00e4tspreis<\/a> (2018) <a href=\"https:\/\/www.grueneliga-berlin.de\/presse\/pressearchiv\/gruene-liga-berlin-verleiht-nachhaltigkeitspreis-zeitzeichen-an-zukunftsweisende-projekte\/\" target=\"_blank\" rel=\"noreferrer noopener\">Deutscher Lokaler Nachhaltigkeitspreis ZeitzeicheN<\/a> (2017)<\/strong>.<br><br><br><\/p>\n","protected":false},"excerpt":{"rendered":"<p>KARLA &#8211; KAsseleR LAstenrad ist Teil der Bewegung der freien Lastenr\u00e4der und &#8230; Freie Lastenr\u00e4der gibt es heute \u00fcber vielen St\u00e4dten im deutschsprachigen Raum und Europa. Ziel der Initiativen ist es mit kostenfrei ausleihbaren, lokal verwurzelten, gemeinschaftlich geteilten und f\u00fcr alle zug\u00e4nglichen Lastenr\u00e4der eine klimafreundliche und zukunftsf\u00e4hige Nahmobilit\u00e4t in Quartieren erfahrbar zu machen und Menschen [&hellip;]<\/p>\n","protected":false},"author":1,"featured_media":0,"parent":0,"menu_order":0,"comment_status":"closed","ping_status":"closed","template":"","meta":{"footnotes":""},"class_list":["post-26","page","type-page","status-publish","hentry"],"_links":{"self":[{"href":"https:\/\/www.karla-lastenrad.de\/d\/wp-json\/wp\/v2\/pages\/26","targetHints":{"allow":["GET"]}}],"collection":[{"href":"https:\/\/www.karla-lastenrad.de\/d\/wp-json\/wp\/v2\/pages"}],"about":[{"href":"https:\/\/www.karla-lastenrad.de\/d\/wp-json\/wp\/v2\/types\/page"}],"author":[{"embeddable":true,"href":"https:\/\/www.karla-lastenrad.de\/d\/wp-json\/wp\/v2\/users\/1"}],"replies":[{"embeddable":true,"href":"https:\/\/www.karla-lastenrad.de\/d\/wp-json\/wp\/v2\/comments?post=26"}],"version-history":[{"count":12,"href":"https:\/\/www.karla-lastenrad.de\/d\/wp-json\/wp\/v2\/pages\/26\/revisions"}],"predecessor-version":[{"id":2071,"href":"https:\/\/www.karla-lastenrad.de\/d\/wp-json\/wp\/v2\/pages\/26\/revisions\/2071"}],"wp:attachment":[{"href":"https:\/\/www.karla-lastenrad.de\/d\/wp-json\/wp\/v2\/media?parent=26"}],"curies":[{"name":"wp","href":"https:\/\/api.w.org\/{rel}","templated":true}]}}