{"id":29,"date":"2025-04-03T15:33:25","date_gmt":"2025-04-03T13:33:25","guid":{"rendered":"https:\/\/www.carla-lastenrad.de\/d\/?page_id=29"},"modified":"2026-04-10T12:32:39","modified_gmt":"2026-04-10T10:32:39","slug":"wie-funktionierts","status":"publish","type":"page","link":"https:\/\/www.karla-lastenrad.de\/d\/wie-funktionierts\/","title":{"rendered":"Wie funktioniert&#8217;s?"},"content":{"rendered":"\n<p>Nach Deiner Registrierung auf der Buchungsplattform sind es nur noch 2 Schritte bis Du losfahren kannst.<br><br><strong>Schritt 1:<\/strong> Zum \u00d6ffnen der Abstellbox brauchst Du eine Chipkarte. F\u00fcr die Kartenausgabe gibt es folgende Zeiten:<br><em><strong>Dienstags 9:30 &#8211; 11 Uhr<\/strong><\/em><br><em><strong>Donnerstags 16 &#8211; 18 Uhr  <mark style=\"background-color:#fcb900\" class=\"has-inline-color\"> nicht am Do. 23. April <\/mark> <br>Abholort: KARLA, K\u00f6lnische Str. 183, 34119 Kassel<\/strong><\/em><\/p>\n\n\n\n<p><strong>Schritt 2:<\/strong> Bitte schreibe eine Mail an&nbsp;<strong><a href=\"mailto:info@karla-lastenrad.de\">info@karla-lastenrad.de<\/a><\/strong>&nbsp;mit Deinem Benutzernamen und der Angabe an welchem Datum Du zur Kartenabholung kommen wirst. (Bitte die oben genannten Zeiten ber\u00fccksichtigen.)<br>Bitte bringe Deinen Personalausweis, 20 EUR und mind. 45min (besser 1h) Zeit f\u00fcr die Kartenausgabe, die Probefahrt und die Erkl\u00e4rung der Abstellbox mit.<br>Wir erstellen Dir eine individuelle Chip-Karte die nach sp\u00e4testens einem Tag aktiviert ist.<\/p>\n\n\n\n<h3 class=\"wp-block-heading\">So funktioniert die Ausleihe<\/h3>\n\n\n\n<p>Die Ausleihe ist mietfrei. Zur Kostendeckung kalkulieren wir <a href=\"https:\/\/karla-lastenrad.de\/d\/unterstuetzen\" target=\"_blank\" rel=\"noreferrer noopener\"><strong>Spenden<\/strong><\/a> von 5-10\u20ac\/Tag ein. So k\u00f6nnen wir den Verleih f\u00fcr Euch dauerhaft und ohne feste Mitgeb\u00fchr gew\u00e4hrleisten.<br>Wir ben\u00f6tigen f\u00fcr die Ausleihe ein paar Daten von dir (<strong>Name, Adresse und Telefon<\/strong>), deshalb <a href=\"https:\/\/karla-lastenrad.de\/d\/register\/\"><strong>registriere<\/strong><\/a> dich bitte zuerst. Deine Daten werden von uns nicht an Dritte weitergereicht! Wir nutzen die Daten nur, um ggfs. Kontakt mit dir aufzunehmen, wenn z.B. das Rad nicht einsatzf\u00e4hig ist und du es gebucht hast.<\/p>\n\n\n\n<h3 class=\"wp-block-heading\">Registrierung<\/h3>\n\n\n\n<ol class=\"wp-block-list\">\n<li><mark style=\"background-color:#fcb900\" class=\"has-inline-color\"> <strong> F\u00fcr die Ausleihe ben\u00f6tigst du eine Chip-Karte (RFID-Karte). <\/strong><\/mark><\/li>\n\n\n\n<li>Registriere dich daf\u00fcr auf unserer Website.<\/li>\n\n\n\n<li>Schreibe uns eine Mail wenn du dich registriert hast und teile uns deinen Lieblingstermin mit (siehe ganz oben unter Schritt 2).<\/li>\n\n\n\n<li>Wir informieren dich per Mail wo und wann du deine pers\u00f6nliche Chip-Karte abholen kannst.<\/li>\n\n\n\n<li>Bei der Ausgabe der Chip-Karte ben\u00f6tigen wir deinen Personalausweis und bitten um 20\u20ac Schutzgeb\u00fchr.<\/li>\n<\/ol>\n\n\n\n<h3 class=\"wp-block-heading\">Buchen<\/h3>\n\n\n\n<ol class=\"wp-block-list\">\n<li><strong><mark style=\"background-color:#ffffff\" class=\"has-inline-color has-white-color\"> <\/mark><mark style=\"background-color:#ffffff\" class=\"has-inline-color has-black-color\">Du kannst erst ein Rad in einer Box ausleihen, wenn du eine Chip-Karte hast. <\/mark><\/strong><\/li>\n\n\n\n<li>Wenn du eine Karte hast, <a href=\"https:\/\/karla-lastenrad.de\/d\/login\/\" target=\"_blank\" rel=\"noreferrer noopener\"><strong>melde dich an<\/strong><\/a> unserer Website an mit deinem bei der Registrierung gew\u00e4hlten Benutzernamen und Passwort.<\/li>\n\n\n\n<li>Unter <a href=\"https:\/\/www.karla-lastenrad.de\/d\/ausleihe-nach-karte\/\" data-type=\"page\" data-id=\"242\"><strong>Ausleihe<\/strong><\/a> siehst du, welche Lastenr\u00e4der an welchem Standort zur Verf\u00fcgung stehen und welche Tage noch frei sind. (Wenn Du noch keine Karte hast, sind die R\u00e4der &#8222;derzeit nicht buchbar&#8220; und Du kannst die Verf\u00fcgbarkeit der R\u00e4der nicht einsehen.)<\/li>\n\n\n\n<li>Markiere durch Klick auf den Kalender den Beginn der Ausleihzeit (von) und das Ende der Ausleihzeit (bis) inkl. Uhrzeit. Die Von und Bis-Uhrzeiten sind im Buchungskalender immer als Stundenzeitraum angegeben.<\/li>\n\n\n\n<li>Du kannst <strong>maximal 3 zusammenh\u00e4ngende Tage<\/strong> buchen. <\/li>\n\n\n\n<li>Klicke nach dem Eingeben der Von- und Bis-Buchungszeiten auf &#8222;jetzt buchen&#8220;. Anschlie\u00dfend noch auf den Button &#8222;Buchung best\u00e4tigen&#8220; am unteren Rand der Seite.<\/li>\n\n\n\n<li>Bitte buche dein Lastenrad aber nicht mehr als 2-3 mal pro Monat, damit auch andere Nutzer:innen zum Zug kommen.<\/li>\n\n\n\n<li>Nach der Best\u00e4tigung deiner Buchung erh\u00e4ltst du eine E-Mail mit einer Buchungsbest\u00e4tigung<br>und evtl. besonderen Angaben zur Station.<\/li>\n\n\n\n<li>Solltest Du das Rad nicht ben\u00f6tigen, storniere die Buchung \u00fcber den Link in der Buchungsbest\u00e4tigung. Dann ist das Lastenrad wieder f\u00fcr andere Nutzer:innen buchbar.<\/li>\n<\/ol>\n\n\n\n<h3 class=\"wp-block-heading\">Abholen<\/h3>\n\n\n\n<ol class=\"wp-block-list\">\n<li>Zur Abholung ben\u00f6tigst du deine <strong>Chip-Karte<\/strong>.<\/li>\n\n\n\n<li>Auf und in der Abstellbox findest du technische Hinweise was du tun musst.<\/li>\n\n\n\n<li>Deine Buchung gilt f\u00fcr deine gew\u00e4hlten Standort und die gew\u00e4hlte Uhrzeit. Fr\u00fcheres Abholen und sp\u00e4teres Abgeben ist nicht m\u00f6glich.<\/li>\n\n\n\n<li>\u00d6ffne mit der Chipkarte die Box.<\/li>\n\n\n\n<li>Entnehme aus dem Schl\u00fcsseltresor den Schl\u00fcssel f\u00fcr das Speichenschloss.<\/li>\n\n\n\n<li>Entriegle das Speichenschloss und ziehe das Kettenschloss ab. Das Kettenschloss wird mit dem Rad mittransportiert. Das Rad muss immer mit dem Speichenschloss abgeschlossen werden und mit dem Kettenschloss an einem festen Gegenstand befestigt werden.<\/li>\n\n\n\n<li>Ziehe das Akkukabel aus der Ladebuchse. Der Akku bleibt in der Box, es sei denn du hast das Rad \u00fcber mehrere Tage ausgeliehen und m\u00f6chtest es zuhause aufladen.<\/li>\n\n\n\n<li>Ziehe das Rad aus der Box und verschlie\u00dfe mit der Chipkarte wieder die T\u00fcr.<\/li>\n\n\n\n<li><strong>\u00dcberpr\u00fcfe das Rad<\/strong> zuerst auf M\u00e4ngel, bevor du losf\u00e4hrst.<\/li>\n\n\n\n<li>Bei einer St\u00f6rung an der Box kannst du unsere Notfallnummer w\u00e4hlen oder schick uns eine <a href=\"mailto:info@karla-lastenrad.de\" data-type=\"mailto\" data-id=\"mailto:info@karla-lastenrad.de\"><strong>Mail<\/strong><\/a>.<br>Notfallnummer: 0155 6026 9004 (nur bei akuten St\u00f6rungen bei der Ausleihe!)<\/li>\n\n\n\n<li><strong>Schie\u00dfe die Abstellbox<\/strong> nach Anleitung. Wenn du mit deinem Rad gekommen bist, kannst du es in der Box sicher parken.<\/li>\n\n\n\n<li>Zur <strong>Benutzung der Box<\/strong> gibt es auch ein sehenswertes <strong>Video <\/strong>ganz unten auf dieser Seite von der <strong>Kaufunger Lastenrad-Initiative Klara<\/strong> (besten Danke daf\u00fcr!).<\/li>\n<\/ol>\n\n\n\n<h3 class=\"wp-block-heading\">Fahren<\/h3>\n\n\n\n<ol class=\"wp-block-list\">\n<li>Bevor du dein Lastenrad bel\u00e4dst, \u00fcbe erst einmal vorsichtig ein paar Minuten auf einem wenig befahrenen Weg.<\/li>\n\n\n\n<li>Beachte das Maximalgewicht der Zuladung.<\/li>\n\n\n\n<li><strong>Fahre niemals einen Bordstein rauf oder runter<\/strong>.<\/li>\n\n\n\n<li><strong>Vermeide Stra\u00dfen mit Stra\u00dfenbahnschienen<\/strong>.<\/li>\n\n\n\n<li><strong>Schlie\u00dfe dein Lastenrad immer an einen festen Gegenstand an<\/strong>.<\/li>\n\n\n\n<li><strong>Bei einem Unfall<\/strong>: Sende bitte sofort eine <a href=\"mailto:info@karla-lastenrad.de\" data-type=\"mailto\" data-id=\"mailto:info@karla-lastenrad.de\"><strong>Mail<\/strong><\/a>, damit ggf. das Rad gesperrt und nachfolgende Nutzer:innen informiert werden k\u00f6nnen.<\/li>\n\n\n\n<li>F\u00fcr Problem bei der Fahrt wird es einen Notdienst geben. Wir arbeiten dran \ud83d\ude09<\/li>\n<\/ol>\n\n\n\n<h3 class=\"wp-block-heading\">R\u00fcckgabe<\/h3>\n\n\n\n<ol class=\"wp-block-list\">\n<li>\u00d6ffne die Abstellbox mit deiner Chipkarte. Eine fr\u00fchere R\u00fcckgabe ist m\u00f6glich.<\/li>\n\n\n\n<li>Schiebe das Rad in die Schiene am Boden und in die Box. Am besten das Rad steht gerade vor der Box.<\/li>\n\n\n\n<li><strong>Verbinde das Ladekabel<\/strong> mit der Akkubuchse laut Anleitung in der Abstellbox. (Bei den unterschiedlichen R\u00e4dern liegt die Akkubuchse leider an verschiedenen Stellen am Rad. Ggfs. muss das Rad halb in die Box geschoben werden, dann wird der Akku angeschlossen und anschlie\u00dfend kann das Rad vollst\u00e4ndig in die Box geschoben werden.)<\/li>\n\n\n\n<li>Das Rad muss in der Abstellbox abgeschlossen werden. Daf\u00fcr das Speichenschloss mit dem Schl\u00fcssel schlie\u00dfen. Das Kettenschloss durch die \u00d6se am Kabel, welches in der Box liegt, ziehen. Kettenschloss wiederum durch die eigene \u00d6se ziehen und Pin des Kettenschlossen in die Steckh\u00fclse am Speichenschloss stecken.<\/li>\n\n\n\n<li>Der Schl\u00fcssel wird in den Schl\u00fcsseltresor gelegt. Das Tresorschloss nach links gedreht und damit geschlossen.<\/li>\n\n\n\n<li>Nun kann die T\u00fcr der Box geschlossen werden. Daf\u00fcr wird die Chipkarte an die entsprechend markierte Stelle an der T\u00fcr gehalten und die T\u00fcr wird automatisch geschlossen. <\/li>\n\n\n\n<li>Die Kontrolllampe au\u00dfen muss <strong><mark style=\"background-color:rgba(0, 0, 0, 0);color:#029c05\" class=\"has-inline-color\">gr\u00fcn<\/mark><\/strong> leuchten, dann hast du alles richtig gemacht. Der Schl\u00fcsseltresor wird mit dem automatischen Schlie\u00dfen der T\u00fcr auch versiegelt.<\/li>\n\n\n\n<li><strong>Melde bitte alles was dir am Rad aufgefallen ist sowie Sch\u00e4den<\/strong> per <a href=\"mailto:info@karla-lastenrad.de\" data-type=\"mailto\" data-id=\"mailto:info@karla-lastenrad.de\"><strong>Mail<\/strong><\/a>, damit wir sie schnell beheben k\u00f6nnen.<\/li>\n\n\n\n<li>Zu guter Letzt erinnern wir daran gleich jetzt eine kleine <strong>Spende<\/strong> zu geben. Wir sind auf <a href=\"https:\/\/karla-lastenrad.de\/d\/unterstuetzen\/\" data-type=\"link\" data-id=\"https:\/\/karla-lastenrad.de\/unterstuetzen\/\" target=\"_blank\" rel=\"noreferrer noopener\"><strong>Unterst\u00fctzung<\/strong><\/a> f\u00fcr Wartung, Ersatzteile und laufende Kosten angewiesen. 5-10 \u20ac am Tag helfen uns schon sehr. Hier geht es zur <mark style=\"background-color:#f3d068\" class=\"has-inline-color\"><a href=\"https:\/\/www.karla-lastenrad.de\/d\/unterstuetzen\/\">Onlinespende<\/a><\/mark>. Zu unserer Vision geh\u00f6rt es, keine feste Mietgeb\u00fchren von 2-3\u20ac pro Stunde erheben zu m\u00fcssen, um unsere Kosten zu decken. <strong>DANKE<\/strong>!<\/li>\n\n\n\n<li>Zur <strong>Benutzung der Box<\/strong> gibt es auch ein sehenswertes <strong>Video <\/strong>ganz unten auf dieser Seite von der <strong>Kaufunger Lastenrad-Initiative Klara<\/strong> (besten Danke daf\u00fcr!).<\/li>\n<\/ol>\n\n\n\n<h3 class=\"wp-block-heading\">Rechtliches<\/h3>\n\n\n\n<ol class=\"wp-block-list\">\n<li><strong>Fahre vorsichtig<\/strong> und kontrolliere dein Lastenrad vor Fahrtantritt auf M\u00e4ngel.<\/li>\n\n\n\n<li>Du bist als fahrende Person <strong>verantwortlich f\u00fcr die Sicherheit <\/strong>des Rades und der Ladung.<\/li>\n\n\n\n<li>Sch\u00e4den die du bei jemand Anderen verursachst, muss du selber tragen. Deine Haftpflichtversicherung \u00fcbernimmt sie. F\u00fcr Sch\u00e4den am Leihrad gilt das Gleiche.<\/li>\n\n\n\n<li>Das Rad muss an einem festen Gegenstand angeschlossen sein, dann ist es gegen Diebstahl versichert. Wird es dir geklaut, melde es umgehend und ohne Verz\u00f6gerung der Polizei und uns per <a href=\"mailto:info@karla-lastenrad.de\" data-type=\"mailto\" data-id=\"mailto:info@karla-lastenrad.de\"><strong>Mail<\/strong><\/a>.<\/li>\n\n\n\n<li>Beachte die <span class=\"has-inline-color has-vivid-red-color\"><strong><a href=\"http:\/\/www.karla-lastenrad.de\/d\/wp-content\/uploads\/2025\/07\/2025_07_14_AGB_KARLA.pdf\">Nutzungsbedingungen<\/a><\/strong><\/span>, mit deiner Registrierung akzeptierst du sie.<\/li>\n<\/ol>\n\n\n\n<figure class=\"wp-block-embed is-type-video is-provider-youtube wp-block-embed-youtube wp-embed-aspect-16-9 wp-has-aspect-ratio\"><div class=\"wp-block-embed__wrapper\">\n<iframe loading=\"lazy\" title=\"Abholung Klara Lastenrad\" width=\"640\" height=\"360\" src=\"https:\/\/www.youtube.com\/embed\/rWcLPC0lm84?feature=oembed\" frameborder=\"0\" allow=\"accelerometer; autoplay; clipboard-write; encrypted-media; gyroscope; picture-in-picture; web-share\" referrerpolicy=\"strict-origin-when-cross-origin\" allowfullscreen><\/iframe>\n<\/div><figcaption class=\"wp-element-caption\">Erkl\u00e4rvideo &#8222;Bedienung der Lastenradbox&#8220;<\/figcaption><\/figure>\n\n\n\n<p><\/p>\n","protected":false},"excerpt":{"rendered":"<p>Nach Deiner Registrierung auf der Buchungsplattform sind es nur noch 2 Schritte bis Du losfahren kannst. Schritt 1: Zum \u00d6ffnen der Abstellbox brauchst Du eine Chipkarte. F\u00fcr die Kartenausgabe gibt es folgende Zeiten:Dienstags 9:30 &#8211; 11 UhrDonnerstags 16 &#8211; 18 Uhr nicht am Do. 23. April Abholort: KARLA, K\u00f6lnische Str. 183, 34119 Kassel Schritt 2: [&hellip;]<\/p>\n","protected":false},"author":1,"featured_media":0,"parent":0,"menu_order":0,"comment_status":"closed","ping_status":"closed","template":"","meta":{"footnotes":""},"class_list":["post-29","page","type-page","status-publish","hentry"],"_links":{"self":[{"href":"https:\/\/www.karla-lastenrad.de\/d\/wp-json\/wp\/v2\/pages\/29","targetHints":{"allow":["GET"]}}],"collection":[{"href":"https:\/\/www.karla-lastenrad.de\/d\/wp-json\/wp\/v2\/pages"}],"about":[{"href":"https:\/\/www.karla-lastenrad.de\/d\/wp-json\/wp\/v2\/types\/page"}],"author":[{"embeddable":true,"href":"https:\/\/www.karla-lastenrad.de\/d\/wp-json\/wp\/v2\/users\/1"}],"replies":[{"embeddable":true,"href":"https:\/\/www.karla-lastenrad.de\/d\/wp-json\/wp\/v2\/comments?post=29"}],"version-history":[{"count":73,"href":"https:\/\/www.karla-lastenrad.de\/d\/wp-json\/wp\/v2\/pages\/29\/revisions"}],"predecessor-version":[{"id":5155,"href":"https:\/\/www.karla-lastenrad.de\/d\/wp-json\/wp\/v2\/pages\/29\/revisions\/5155"}],"wp:attachment":[{"href":"https:\/\/www.karla-lastenrad.de\/d\/wp-json\/wp\/v2\/media?parent=29"}],"curies":[{"name":"wp","href":"https:\/\/api.w.org\/{rel}","templated":true}]}}