{"id":3,"date":"2025-03-07T12:44:41","date_gmt":"2025-03-07T11:44:41","guid":{"rendered":"http:\/\/www.carla-lastenrad.de\/d\/?page_id=3"},"modified":"2025-08-30T20:42:49","modified_gmt":"2025-08-30T18:42:49","slug":"datenschutzerklaerung","status":"publish","type":"page","link":"https:\/\/www.karla-lastenrad.de\/d\/datenschutzerklaerung\/","title":{"rendered":"Datenschutzerkl\u00e4rung"},"content":{"rendered":"\n<h2 class=\"wp-block-heading\">Allgemeine Hinweise <\/h2>\n\n\n\n<h3 class=\"wp-block-heading\">Newsletter<\/h3>\n\n\n\n<p>Die folgenden Hinweise geben einen einfachen \u00dcberblick dar\u00fcber, was mit  Ihren personenbezogenen Daten passiert, wenn Sie unsere Website  besuchen. Personenbezogene Daten sind alle Daten, mit denen Sie  pers\u00f6nlich identifiziert werden k\u00f6nnen. Ausf\u00fchrliche Informationen zum  Thema Datenschutz entnehmen Sie unserer unter diesem Text aufgef\u00fchrten  Datenschutzerkl\u00e4rung.<\/p>\n\n\n\n<p>Um Interessierte und Unterst\u00fctzerInnen \u00fcber Aktivit\u00e4ten und Neuigkeiten der Freie Lastenrad Initiative KARLA &#8211; KAsseleR LAstenrad zu informieren senden wir unregelm\u00e4\u00dfig Newsletter bzw. Infomails. F\u00fcr den Versand wird das <a href=\"https:\/\/www.thenewsletterplugin.com\">The Newsletter Plugin<\/a> verwendet. Das WordPress Plugin entspricht dem EU\/Schweiz-US-Privacy-Shield und der Datenschutz-Grundverordnung (<strong>DSGVO<\/strong>).<\/p>\n\n\n\n<p><\/p>\n\n\n\n<h3 class=\"wp-block-heading\">Datenerfassung auf unserer Website <\/h3>\n\n\n\n<h4 class=\"wp-block-heading\"><strong>Wer ist verantwortlich f\u00fcr die Datenerfassung auf dieser Website?<\/strong> <\/h4>\n\n\n\n<p>Die Datenverarbeitung auf dieser Website erfolgt durch den  Websitebetreiber. Dessen Kontaktdaten k\u00f6nnen Sie dem Impressum dieser  Website entnehmen. <\/p>\n\n\n\n<h4 class=\"wp-block-heading\"><strong>Wie erfassen wir Ihre Daten?<\/strong> <\/h4>\n\n\n\n<p>Ihre Daten werden zum einen dadurch erhoben, dass Sie uns diese  mitteilen. Hierbei kann es sich z.B. um Daten handeln, die Sie in ein  Kontaktformular eingeben. <br>Andere Daten werden automatisch beim Besuch der Website durch unsere  IT-Systeme erfasst. Das sind vor allem technische Daten (z.B.  Internetbrowser, Betriebssystem oder Uhrzeit des Seitenaufrufs). Die  Erfassung dieser Daten erfolgt automatisch, sobald Sie unsere Website  betreten. <\/p>\n\n\n\n<h4 class=\"wp-block-heading\"><strong>Wof\u00fcr nutzen wir Ihre Daten?<\/strong> <\/h4>\n\n\n\n<p>Ein Teil der Daten wird erhoben, um eine fehlerfreie Bereitstellung der  Website zu gew\u00e4hrleisten. Andere Daten k\u00f6nnen zur Analyse Ihres  Nutzerverhaltens verwendet werden. <\/p>\n\n\n\n<h4 class=\"wp-block-heading\"><strong>Welche Rechte haben Sie bez\u00fcglich Ihrer Daten?<\/strong> <\/h4>\n\n\n\n<p>Sie haben jederzeit das Recht unentgeltlich Auskunft \u00fcber Herkunft,  Empf\u00e4nger und Zweck Ihrer gespeicherten personenbezogenen Daten zu  erhalten. Sie haben au\u00dferdem ein Recht, die Berichtigung, Sperrung oder  L\u00f6schung dieser Daten zu verlangen. Hierzu sowie zu weiteren Fragen zum  Thema Datenschutz k\u00f6nnen Sie sich jederzeit unter der im Impressum  angegebenen Adresse an uns wenden. Des Weiteren steht Ihnen ein  Beschwerderecht bei der zust\u00e4ndigen Aufsichtsbeh\u00f6rde zu. <br>Au\u00dferdem haben Sie das Recht, unter bestimmten Umst\u00e4nden die  Einschr\u00e4nkung der Verarbeitung Ihrer personenbezogenen Daten zu  verlangen. Details hierzu entnehmen Sie der Datenschutzerkl\u00e4rung unter  \u201eRecht auf Einschr\u00e4nkung der Verarbeitung\u201c. <\/p>\n\n\n\n<h3 class=\"wp-block-heading\"> Analyse-Tools und Tools von Drittanbietern <\/h3>\n\n\n\n<p> Beim Besuch unserer Website kann Ihr Surf-Verhalten statistisch  ausgewertet werden. Das geschieht vor allem mit Cookies und mit  sogenannten Analyseprogrammen. Die Analyse Ihres Surf-Verhaltens erfolgt  in der Regel anonym; das Surf-Verhalten kann nicht zu Ihnen  zur\u00fcckverfolgt werden. Sie k\u00f6nnen dieser Analyse widersprechen oder sie  durch die Nichtbenutzung bestimmter Tools verhindern. Detaillierte  Informationen dazu finden Sie in der folgenden Datenschutzerkl\u00e4rung. <br> Sie k\u00f6nnen dieser Analyse widersprechen. \u00dcber die  Widerspruchsm\u00f6glichkeiten werden wir Sie in dieser Datenschutzerkl\u00e4rung  informieren. <\/p>\n\n\n\n<p><\/p>\n\n\n\n<h2 class=\"wp-block-heading\"> Allgemeine Hinweise und Pflichtinformationen <\/h2>\n\n\n\n<h3 class=\"wp-block-heading\"><strong>Datenschutz<\/strong> <\/h3>\n\n\n\n<p>Die Betreiber dieser Seiten nehmen den Schutz Ihrer pers\u00f6nlichen  Daten sehr ernst. Wir behandeln Ihre personenbezogenen Daten vertraulich  und entsprechend der gesetzlichen Datenschutzvorschriften sowie dieser  Datenschutzerkl\u00e4rung.<br>Die Nutzung unserer Website ist in der Regel ohne Angabe   personenbezogener Daten m\u00f6glich. Soweit auf unseren Seiten   personenbezogene Daten (beispielsweise Name, Anschrift oder   E-Mail-Adressen) erhoben werden, erfolgt dies, soweit m\u00f6glich, stets auf   freiwilliger Basis. Diese Daten werden ohne Ihre ausdr\u00fcckliche   Zustimmung nicht an Dritte weitergegeben.<br>Wir weisen darauf hin, dass die Daten\u00fcbertragung im Internet (z.B.  bei   der Kommunikation per E-Mail) Sicherheitsl\u00fccken aufweisen kann. Ein    l\u00fcckenloser Schutz der Daten vor dem Zugriff durch Dritte ist nicht    m\u00f6glich.  <\/p>\n\n\n\n<h3 class=\"wp-block-heading\">Hinweis zur verantwortlichen Stelle <\/h3>\n\n\n\n<p>Die verantwortliche Stelle f\u00fcr die Datenverarbeitung auf dieser Website ist: <br>Materialverteilung Kassel e.V.<br> &#8211; KARLA-Projekt &#8211;<br>K\u00f6lnische Str. 183<br>34119 Kassel<br>Ralf Meier-B\u00f6ke<br>Verantwortliche Stelle ist die nat\u00fcrliche oder juristische Person, die allein oder gemeinsam mit anderen \u00fcber die Zwecke und Mittel der Verarbeitung von personenbezogenen Daten (z.B. Namen, E-Mail-Adressen o. \u00c4.) entscheidet.<\/p>\n\n\n\n<h3 class=\"wp-block-heading\"><strong>Cookies<\/strong> <\/h3>\n\n\n\n<p>Die Internetseiten verwenden teilweise so genannte Cookies. Cookies  richten auf Ihrem Rechner keinen Schaden an und enthalten keine Viren.  Cookies dienen dazu, unser Angebot<br> nutzerfreundlicher, effektiver und sicherer zu machen. Cookies sind  kleine Textdateien, die auf Ihrem Rechner abgelegt werden und die Ihr  Browser speichert. <br>Die meisten der von uns verwendeten Cookies sind so genannte  \u201eSession-Cookies\u201c. Sie werden nach Ende Ihres Besuchs automatisch  gel\u00f6scht. Andere Cookies bleiben auf Ihrem Endger\u00e4t gespeichert, bis Sie  diese l\u00f6schen.<br>Diese Cookies erm\u00f6glichen es uns, Ihren Browser beim n\u00e4chsten Besuch wiederzuerkennen. <br>Sie k\u00f6nnen Ihren Browser so einstellen, dass Sie \u00fcber das Setzen von  Cookies informiert werden und Cookies nur im Einzelfall erlauben, die  Annahme von Cookies f\u00fcr bestimmte F\u00e4lle oder generell ausschlie\u00dfen sowie  das automatische L\u00f6schen der Cookies beim Schlie\u00dfen des Browser  aktivieren. Bei der Deaktivierung von Cookies kann die Funktionalit\u00e4t  dieser Website eingeschr\u00e4nkt sein. <\/p>\n\n\n\n<h3 class=\"wp-block-heading\"> <strong>Server-LogFiles<\/strong> <\/h3>\n\n\n\n<p>Der Provider der Seiten erhebt und speichert automatisch Informationen  in so genannten Server-Log Files, die Ihr Browser automatisch an uns  \u00fcbermittelt. Dies sind: <\/p>\n\n\n\n<ul class=\"wp-block-list\">\n<li>Browsertyp und Browserversion<\/li>\n\n\n\n<li>verwendetes Betriebssystem<\/li>\n\n\n\n<li>Referrer URL<\/li>\n\n\n\n<li>Hostname des zugreifenden Rechners<\/li>\n\n\n\n<li>Uhrzeit der Serveranfrage<\/li>\n<\/ul>\n\n\n\n<p>Diese Daten sind nicht bestimmten Personen zuordenbar. Eine  Zusammenf\u00fchrung dieser Daten mit anderen Datenquellen wird nicht  vorgenommen. Wir behalten uns vor, diese Daten nachtr\u00e4glich zu pr\u00fcfen,  wenn uns konkrete Anhaltspunkte f\u00fcr eine rechtswidrige Nutzung bekannt  werden. <\/p>\n\n\n\n<h3 class=\"wp-block-heading\"><strong>Kontaktformular<\/strong> <\/h3>\n\n\n\n<p>Wenn Sie uns per Kontaktformular Anfragen zukommen lassen, werden Ihre  Angaben aus dem Anfrageformular inklusive der von Ihnen dort angegebenen  Kontaktdaten zwecks Bearbeitung der Anfrage und f\u00fcr den Fall von  Anschlussfragen bei uns gespeichert. Diese Daten geben wir nicht ohne  Ihre Einwilligung weiter. <\/p>\n\n\n\n<h3 class=\"wp-block-heading\"> <strong>Recht auf Auskunft, L\u00f6schung, Sperrung<\/strong><\/h3>\n\n\n\n<p>Sie haben jederzeit das Recht auf unentgeltliche Auskunft \u00fcber Ihre  gespeicherten personenbezogenen Daten, deren Herkunft und Empf\u00e4nger und  den Zweck der Datenverarbeitung sowie ein Recht auf Berichtigung,  Sperrung oder L\u00f6schung dieser Daten. Hierzu sowie zu weiteren Fragen zum  Thema personenbezogene Daten k\u00f6nnen Sie sich jederzeit unter der im  Impressum angegebenen Adresse an uns wenden. <\/p>\n\n\n\n<h3 class=\"wp-block-heading\"> <strong>Widerspruch Werbe-Mails<\/strong><\/h3>\n\n\n\n<p>Der Nutzung von im Rahmen der Impressumspflicht ver\u00f6ffentlichten  Kontaktdaten zur \u00dcbersendung von nicht ausdr\u00fccklich angeforderter  Werbung und Informationsmaterialien wird hiermit widersprochen. Die  Betreiber der Seiten behalten sich ausdr\u00fccklich rechtliche Schritte im  Falle der unverlangten Zusendung von Werbeinformationen, etwa durch  Spam-E-Mails, vor. <\/p>\n\n\n\n<p><\/p>\n","protected":false},"excerpt":{"rendered":"<p>Allgemeine Hinweise Newsletter Die folgenden Hinweise geben einen einfachen \u00dcberblick dar\u00fcber, was mit Ihren personenbezogenen Daten passiert, wenn Sie unsere Website besuchen. Personenbezogene Daten sind alle Daten, mit denen Sie pers\u00f6nlich identifiziert werden k\u00f6nnen. Ausf\u00fchrliche Informationen zum Thema Datenschutz entnehmen Sie unserer unter diesem Text aufgef\u00fchrten Datenschutzerkl\u00e4rung. Um Interessierte und Unterst\u00fctzerInnen \u00fcber Aktivit\u00e4ten und Neuigkeiten [&hellip;]<\/p>\n","protected":false},"author":1,"featured_media":0,"parent":0,"menu_order":0,"comment_status":"closed","ping_status":"open","template":"","meta":{"footnotes":""},"class_list":["post-3","page","type-page","status-publish","hentry"],"_links":{"self":[{"href":"https:\/\/www.karla-lastenrad.de\/d\/wp-json\/wp\/v2\/pages\/3","targetHints":{"allow":["GET"]}}],"collection":[{"href":"https:\/\/www.karla-lastenrad.de\/d\/wp-json\/wp\/v2\/pages"}],"about":[{"href":"https:\/\/www.karla-lastenrad.de\/d\/wp-json\/wp\/v2\/types\/page"}],"author":[{"embeddable":true,"href":"https:\/\/www.karla-lastenrad.de\/d\/wp-json\/wp\/v2\/users\/1"}],"replies":[{"embeddable":true,"href":"https:\/\/www.karla-lastenrad.de\/d\/wp-json\/wp\/v2\/comments?post=3"}],"version-history":[{"count":3,"href":"https:\/\/www.karla-lastenrad.de\/d\/wp-json\/wp\/v2\/pages\/3\/revisions"}],"predecessor-version":[{"id":1870,"href":"https:\/\/www.karla-lastenrad.de\/d\/wp-json\/wp\/v2\/pages\/3\/revisions\/1870"}],"wp:attachment":[{"href":"https:\/\/www.karla-lastenrad.de\/d\/wp-json\/wp\/v2\/media?parent=3"}],"curies":[{"name":"wp","href":"https:\/\/api.w.org\/{rel}","templated":true}]}}