{"id":35,"date":"2025-04-03T15:34:48","date_gmt":"2025-04-03T13:34:48","guid":{"rendered":"https:\/\/www.carla-lastenrad.de\/d\/?page_id=35"},"modified":"2025-08-31T09:30:29","modified_gmt":"2025-08-31T07:30:29","slug":"unterstuetzen","status":"publish","type":"page","link":"https:\/\/www.karla-lastenrad.de\/d\/unterstuetzen\/","title":{"rendered":"Unterst\u00fctzen"},"content":{"rendered":"\n<p><strong>Erz\u00e4hlt von KARLA: <\/strong>Erz\u00e4hlt Anderen von dem unterst\u00fctzenswerten Projekt KARLA. <\/p>\n\n\n\n<p><strong>Spende Geld: <\/strong>KARLA ist kostenlos \u2013 f\u00fcr alle. Dennoch fallen nat\u00fcrlich Kosten f\u00fcr Reparatur und Wartung, Versicherung und die Beschaffung weiterer Lastenr\u00e4der an. Kurzum KARLA ist auf Eure Unterst\u00fctzung angewiesen.<\/p>\n\n\n\n<p class=\"has-text-align-center\">Jetzt spenden an<br>Spendenkonto: Materialverteilung Kassel e.V.<br>Verwendungszweck: \u201e<strong><em>Pojekt KARLA<\/em><\/strong>\u201d<br>IBAN: <strong>DE89 5205 0353 0002 2276 90<\/strong> BIC: <strong>HELADEF1KAS<\/strong><\/p>\n\n\n<div class=\"wp-block-image\">\n<figure class=\"aligncenter size-full is-resized\"><img loading=\"lazy\" decoding=\"async\" width=\"434\" height=\"410\" src=\"http:\/\/www.carla-lastenrad.de\/d\/wp-content\/uploads\/2025\/05\/iban_DE89520503530002227690_zahlen-mit-code.com_.png\" alt=\"\" class=\"wp-image-474\" style=\"object-fit:cover;width:100px;height:100px\" srcset=\"https:\/\/www.karla-lastenrad.de\/d\/wp-content\/uploads\/2025\/05\/iban_DE89520503530002227690_zahlen-mit-code.com_.png 434w, https:\/\/www.karla-lastenrad.de\/d\/wp-content\/uploads\/2025\/05\/iban_DE89520503530002227690_zahlen-mit-code.com_-300x283.png 300w, https:\/\/www.karla-lastenrad.de\/d\/wp-content\/uploads\/2025\/05\/iban_DE89520503530002227690_zahlen-mit-code.com_-60x57.png 60w, https:\/\/www.karla-lastenrad.de\/d\/wp-content\/uploads\/2025\/05\/iban_DE89520503530002227690_zahlen-mit-code.com_-100x94.png 100w, https:\/\/www.karla-lastenrad.de\/d\/wp-content\/uploads\/2025\/05\/iban_DE89520503530002227690_zahlen-mit-code.com_-148x140.png 148w, https:\/\/www.karla-lastenrad.de\/d\/wp-content\/uploads\/2025\/05\/iban_DE89520503530002227690_zahlen-mit-code.com_-423x400.png 423w, https:\/\/www.karla-lastenrad.de\/d\/wp-content\/uploads\/2025\/05\/iban_DE89520503530002227690_zahlen-mit-code.com_-210x198.png 210w\" sizes=\"auto, (max-width: 434px) 100vw, 434px\" \/><\/figure>\n<\/div>\n\n\n<p class=\"has-text-align-center has-small-font-size\">(<strong>SPENDEN &#8211; GANZ EINFACH! <\/strong><br>Online-Banking-App aufrufen &#8211; \u00dcberweisung w\u00e4hlen &#8211; Foto\u00fcberweisung w\u00e4hlen &#8211; Barcode einscannen &#8211; <br>die Empf\u00e4ngerdaten sind in die \u00dcberweisung \u00fcbernommen worden &#8211; Betrag eingeben und \u00dcberweisung durchf\u00fchren.)<\/p>\n\n\n<p><!--EndFragment-->Spenden sind steuerlich absetzbar! Die <a href=\"https:\/\/www.materialverteilung.org\/\" target=\"_blank\" rel=\"noopener\">Materialverteilung Kassel e.V.<\/a> ist vom Finanzamt als besonders f\u00f6rderungsw\u00fcrdig anerkannt. F\u00fcr Spenden unter 300 Euro ben\u00f6tigst Du keine Quittung, weil die Finanz\u00e4mter Deinen Bankbeleg als Quittung akzeptieren. Wir sparen dadurch Versandkosten und so haben wir mehr Geld f\u00fcr KARLA zur Verf\u00fcgung. Auf Anfrage stellen wir Dir aber gerne eine Bescheinigung aus. Bitte in dem Fall im Betreff neben dem Stichwort KARLA auch die Adresse angeben!<\/p>\n\n\n<p class=\"has-text-align-left\"><strong>Schwing den Schraubenschl\u00fcssel: <\/strong>Du wei\u00dft, was ein Rad braucht, um fit zu bleiben? Super. KARLA und die Lastenrad-Freunde freuen sich \u00fcber fahrradkundige H\u00e4nde, die warten, \u00f6len und hier und da mal reparieren k\u00f6nnen. Wenn du Lust hast regelm\u00e4\u00dfig oder auf Abruf Wartungen und kleinere oder gr\u00f6\u00dfere Reparaturen durchzuf\u00fchren, freuen wir uns \u00fcber deine <a href=\"mailto:info@karla-lastenrad.de\"><\/a><a href=\"mailto:info@karla-lastenrad.de\">Post an KARLA &#8211; KAsseleR LAstenrad<\/a>.<\/p>\n\n\n\n<p><strong>Werde Standortpate: <\/strong>KARLA bietet den Rahmen f\u00fcr Kassler B\u00fcrger:innen vor Ort, f\u00fcr Ihre Suche und Realisierung neuer Standpl\u00e4tze, die Betreuung der E-Lastenr\u00e4der, die Wartung und Anschaffung \u00fcber lokale H\u00e4ndler sowie die Begleitung der Stationspaten.<br>Das <a href=\"https:\/\/ratsinfo.kassel.de\/sdnet4\/sdnetrim\/UGhVM0hpd2NXNFdFcExjZfDASneEwoBzo9Y835yqyn1BuwKB2mOaTtXHSU1uzG5P\/101.19.1146_Anlage_1_-_Richtlinie_der_Stadt_Kassel_fuer_das_kommunale_Foerderprogramm_Lastenraeder_fuer_Kassel.pdf\" target=\"_blank\" rel=\"noreferrer noopener\">kommunales F\u00f6rderprogramm<\/a> der Stadt Kassel erm\u00f6glicht die Teilfinanzierung und die Anschaffung eines E-Lastenrades f\u00fcr jeden Stadtteil.<br>Die Stationsparten erl\u00e4utern auf Anfrage vor Ort den Ausleihvorgang. Zus\u00e4tzlich erkl\u00e4rt und begleitet wird es online durch eine Video-Kurzfassung. Du m\u00f6chtest Standortpate oder Standortpatin werden oder kannst einen Standort zur Verf\u00fcgung stellen? Wir freuen uns \u00fcber <a href=\"mailto:info@karla-lastenrad.de\">Post an KARLA &#8211; KAsseleR LAstenrad<\/a>. <br>Ausf\u00fchrliche Informationen findest du auch in unserem Flyer (<a href=\"http:\/\/www.karla-lastenrad.de\/d\/wp-content\/uploads\/2025\/08\/2025-03-12_KARLA_Handout_Standortsuche_Flyer_Ad_Futura.pdf\" target=\"_blank\" rel=\"noreferrer noopener\">Flyer Standortsuche<\/a>).<\/p>\n\n\n\n<p><strong>Spende ein Lastenrad: <\/strong>Du hast oder baust ein Lastenrad oder einen Fahrradanh\u00e4nger und willst diesen auch anderen Fahrradbegeisterten kostenlos zur Verf\u00fcgung stellen?  Du wei\u00dft wie wir an Mittel f\u00fcr ein weiteres Lastenrad kommen? Wir suchen st\u00e4ndig neue Lastenr\u00e4der, die wir zur Verf\u00fcgung stellen k\u00f6nnen. Wir freuen uns \u00fcber <a href=\"mailto:info@karla-lastenrad.de\"><\/a><a href=\"mailto:info@karla-lastenrad.de\">Post an KARLA &#8211; KAsseleR LAstenrad<\/a>.<\/p>\n\n\n\n<p><strong>Verleih Dein Lastenrad<\/strong> <strong>\u00fcber unsere Buchungsplattform<\/strong>: Du brauchst Dein Lastenrad nicht t\u00e4glich und w\u00fcrdest es tageweise kostenlos verleihen? Dann nutze die Buchungsplattform auf unserer Seite und<strong> <\/strong>biete es dort an.<br>Dieses Angebot gilt nicht nur f\u00fcr Privatpersonen, auch Vereine, Organisationen oder Parteien k\u00f6nnen Ihr Lastenrad allen zur Verf\u00fcgung stellen oder unseren Buchungskalender nur f\u00fcr ihre Freunde und Mitglieder nutzen.<br>Wie das geht erkl\u00e4ren wir dir gerne. Wir freuen uns \u00fcber <a href=\"mailto:info@karla-lastenrad.de\">Post an KARLA &#8211; KAsseleR LAstenrad<\/a>.<\/p>\n","protected":false},"excerpt":{"rendered":"<p>Erz\u00e4hlt von KARLA: Erz\u00e4hlt Anderen von dem unterst\u00fctzenswerten Projekt KARLA. Spende Geld: KARLA ist kostenlos \u2013 f\u00fcr alle. Dennoch fallen nat\u00fcrlich Kosten f\u00fcr Reparatur und Wartung, Versicherung und die Beschaffung weiterer Lastenr\u00e4der an. Kurzum KARLA ist auf Eure Unterst\u00fctzung angewiesen. Jetzt spenden anSpendenkonto: Materialverteilung Kassel e.V.Verwendungszweck: \u201ePojekt KARLA\u201dIBAN: DE89 5205 0353 0002 2276 90 BIC: [&hellip;]<\/p>\n","protected":false},"author":1,"featured_media":0,"parent":0,"menu_order":0,"comment_status":"closed","ping_status":"closed","template":"","meta":{"footnotes":""},"class_list":["post-35","page","type-page","status-publish","hentry"],"_links":{"self":[{"href":"https:\/\/www.karla-lastenrad.de\/d\/wp-json\/wp\/v2\/pages\/35","targetHints":{"allow":["GET"]}}],"collection":[{"href":"https:\/\/www.karla-lastenrad.de\/d\/wp-json\/wp\/v2\/pages"}],"about":[{"href":"https:\/\/www.karla-lastenrad.de\/d\/wp-json\/wp\/v2\/types\/page"}],"author":[{"embeddable":true,"href":"https:\/\/www.karla-lastenrad.de\/d\/wp-json\/wp\/v2\/users\/1"}],"replies":[{"embeddable":true,"href":"https:\/\/www.karla-lastenrad.de\/d\/wp-json\/wp\/v2\/comments?post=35"}],"version-history":[{"count":11,"href":"https:\/\/www.karla-lastenrad.de\/d\/wp-json\/wp\/v2\/pages\/35\/revisions"}],"predecessor-version":[{"id":1886,"href":"https:\/\/www.karla-lastenrad.de\/d\/wp-json\/wp\/v2\/pages\/35\/revisions\/1886"}],"wp:attachment":[{"href":"https:\/\/www.karla-lastenrad.de\/d\/wp-json\/wp\/v2\/media?parent=35"}],"curies":[{"name":"wp","href":"https:\/\/api.w.org\/{rel}","templated":true}]}}